{"id":4392,"date":"2019-07-19T15:25:21","date_gmt":"2019-07-19T13:25:21","guid":{"rendered":"https:\/\/www.mizutani.de\/auszeichnungen\/"},"modified":"2020-11-02T13:08:53","modified_gmt":"2020-11-02T12:08:53","slug":"awards","status":"publish","type":"page","link":"https:\/\/www.mizutani.de\/en\/awards\/","title":{"rendered":"Awards"},"content":{"rendered":"<div class=\"wpb-content-wrapper\"><p>[vc_row full_width=&#8221;stretch_row&#8221; bg_type=&#8221;image&#8221; parallax_style=&#8221;vcpb-default&#8221; bg_image_new=&#8221;id^1239|url^https:\/\/www.mizutani.de\/wp-content\/uploads\/2019\/07\/Tradition.jpg|caption^null|alt^null|title^Tradition|description^null&#8221; bg_image_repeat=&#8221;no-repeat&#8221; bg_img_attach=&#8221;fixed&#8221; bg_image_posiiton=&#8221;50% 50%&#8221;][vc_column]<div class=\"ult-spacer spacer-69ede8370d896\" data-id=\"69ede8370d896\" data-height=\"60\" data-height-mobile=\"60\" data-height-tab=\"60\" data-height-tab-portrait=\"\" data-height-mobile-landscape=\"\" style=\"clear:both;display:block;\"><\/div>[vc_row_inner equal_height=&#8221;yes&#8221;][vc_column_inner width=&#8221;1\/2&#8243;][vc_single_image image=&#8221;3241&#8243; img_size=&#8221;large&#8221; style=&#8221;vc_box_shadow_3d&#8221;][\/vc_column_inner][vc_column_inner width=&#8221;1\/2&#8243;][vc_column_text]<\/p>\n<h3>2014<\/h3>\n<p><strong>Well-tried products with an innovative edge<\/strong><br \/>\nThese scissors are made of a material consisting of particles of 30 microns in size using a special method that significantly improves the abrasion resistance of the scissor blades and corrosion resistance. Resharpening is less frequently necessary. This increases the service life. This new model is also equipped with a visible ball bearing.[\/vc_column_text][\/vc_column_inner][\/vc_row_inner][vc_row_inner equal_height=&#8221;yes&#8221;][vc_column_inner width=&#8221;1\/2&#8243;][vc_column_text]<\/p>\n<h3>2013<\/h3>\n<p><strong>For the perfect cut!<\/strong><br \/>\nA special construction of the blade in knife style enables incomparable stability. Recessed handles allow for precisely inserted cuts and slices. Special Teflon disks allow the scissors to run smoothly with maximum cutting comfort. The recessed new adjusting screw provides advantages without any disturbing effects.[\/vc_column_text][\/vc_column_inner][vc_column_inner width=&#8221;1\/2&#8243;][vc_single_image image=&#8221;3240&#8243; img_size=&#8221;large&#8221; style=&#8221;vc_box_shadow_3d&#8221;][\/vc_column_inner][\/vc_row_inner][vc_row_inner][vc_column_inner width=&#8221;1\/3&#8243;][vc_single_image image=&#8221;3231&#8243; img_size=&#8221;large&#8221;][\/vc_column_inner][vc_column_inner width=&#8221;1\/3&#8243;][vc_single_image image=&#8221;3233&#8243; img_size=&#8221;large&#8221;][\/vc_column_inner][vc_column_inner width=&#8221;1\/3&#8243;][vc_single_image image=&#8221;3232&#8243; img_size=&#8221;large&#8221;][\/vc_column_inner][\/vc_row_inner][vc_row_inner equal_height=&#8221;yes&#8221;][vc_column_inner width=&#8221;1\/2&#8243;][vc_single_image image=&#8221;3239&#8243; img_size=&#8221;large&#8221; style=&#8221;vc_box_shadow_3d&#8221;][\/vc_column_inner][vc_column_inner width=&#8221;1\/2&#8243;][vc_column_text]<\/p>\n<h3>2012<\/h3>\n<p><strong>Finest craftsmanship<\/strong><br \/>\nTop class scissors made of damascus steel. The playful lines inside and out are proof of the authenticity of this unique steel. The handle is a special feature and was specially designed to prevent tendinitis.[\/vc_column_text][\/vc_column_inner][\/vc_row_inner][vc_row_inner equal_height=&#8221;yes&#8221;][vc_column_inner width=&#8221;1\/2&#8243;][vc_column_text]<\/p>\n<h3>2011<\/h3>\n<p><strong>Ergonomisches Meisterwerk<\/strong><br \/>\nDurch ein einstellbares Kugellager um 360 Grad in 2 bzw. 4 Kugellagern drehbares speziell angefertigtes Daumenteil erlaubt diese Schere exakteste Schnittfl\u00e4chen in extremen Winkeln bei minimaler Ver\u00e4nderung der Haltung der Schneidehand. Bisher ungekannte Entlastung f\u00fcr Gelenk und Sehnen. Eine Mizutani Meisterleistung \u2013 ausgezeichnet mit dem Design G-Award. Etwas f\u00fcr Nachahmer![\/vc_column_text][\/vc_column_inner][vc_column_inner width=&#8221;1\/2&#8243;][vc_single_image image=&#8221;3238&#8243; img_size=&#8221;large&#8221; style=&#8221;vc_box_shadow_3d&#8221;][\/vc_column_inner][\/vc_row_inner][vc_video link=&#8221;https:\/\/youtu.be\/Tgri2q8ghdI&#8221; el_aspect=&#8221;235&#8243;]<div class=\"ult-spacer spacer-69ede8370d8ef\" data-id=\"69ede8370d8ef\" data-height=\"145\" data-height-mobile=\"145\" data-height-tab=\"145\" data-height-tab-portrait=\"\" data-height-mobile-landscape=\"\" style=\"clear:both;display:block;\"><\/div>[\/vc_column][\/vc_row][vc_row full_width=&#8221;stretch_row&#8221; bg_type=&#8221;image&#8221; parallax_style=&#8221;vcpb-default&#8221; bg_image_new=&#8221;id^1240|url^https:\/\/www.mizutani.de\/wp-content\/uploads\/2019\/07\/Handarbeit.jpg|caption^null|alt^null|title^Handarbeit|description^null&#8221; bg_image_repeat=&#8221;no-repeat&#8221; bg_img_attach=&#8221;fixed&#8221;][vc_column]<div class=\"ult-spacer spacer-69ede8370d930\" data-id=\"69ede8370d930\" data-height=\"40\" data-height-mobile=\"40\" data-height-tab=\"40\" data-height-tab-portrait=\"\" data-height-mobile-landscape=\"\" style=\"clear:both;display:block;\"><\/div><h2 class=\"h2\" style=\"text-align: center; color: #ffffff;\">Good Design<\/h2>[vc_row_inner][vc_column_inner width=&#8221;1\/4&#8243;][vc_single_image image=&#8221;3216&#8243; img_size=&#8221;medium&#8221;][\/vc_column_inner][vc_column_inner width=&#8221;3\/4&#8243;][vc_column_text el_class=&#8221;weiss&#8221;]The &#8220;Good Design Award&#8221; is Japan&#8217;s only international design prize with which the Japanese Ministry of International Trade and Industry has been awarding innovative design products since 1957 and is the continuation of the &#8220;Good Design Selection System&#8221; (formally G-Mark System). Each pair of scissors in the SWORD series &#8211; which has received the &#8220;Good Design Award&#8221; &#8211; is designed according to ergonomic aspects. They are elaborately handcrafted and with their three-dimensional handle they fit smoothly into the hairdresser&#8217;s hands.[\/vc_column_text][vc_single_image image=&#8221;3307&#8243; img_size=&#8221;full&#8221;][\/vc_column_inner][\/vc_row_inner]<div class=\"ult-spacer spacer-69ede8370d9a5\" data-id=\"69ede8370d9a5\" data-height=\"225\" data-height-mobile=\"225\" data-height-tab=\"225\" data-height-tab-portrait=\"\" data-height-mobile-landscape=\"\" style=\"clear:both;display:block;\"><\/div>[\/vc_column][\/vc_row]<\/p>\n<\/div>","protected":false},"excerpt":{"rendered":"<p>[vc_row full_width=&#8221;stretch_row&#8221; bg_type=&#8221;image&#8221; parallax_style=&#8221;vcpb-default&#8221; bg_image_new=&#8221;id^1239|url^https:\/\/www.mizutani.de\/wp-content\/uploads\/2019\/07\/Tradition.jpg|caption^null|alt^null|title^Tradition|description^null&#8221; bg_image_repeat=&#8221;no-repeat&#8221; bg_img_attach=&#8221;fixed&#8221; bg_image_posiiton=&#8221;50% 50%&#8221;][vc_column][vc_row_inner equal_height=&#8221;yes&#8221;][vc_column_inner width=&#8221;1\/2&#8243;][vc_single_image image=&#8221;3241&#8243; img_size=&#8221;large&#8221; style=&#8221;vc_box_shadow_3d&#8221;][\/vc_column_inner][vc_column_inner width=&#8221;1\/2&#8243;][vc_column_text] 2014 Well-tried products with an innovative edge These scissors are made of a material consisting of particles of 30 microns in size using a special method that significantly improves the abrasion resistance of the scissor blades and corrosion resistance. Resharpening&hellip;<\/p>\n","protected":false},"author":10,"featured_media":0,"parent":0,"menu_order":40,"comment_status":"closed","ping_status":"closed","template":"","meta":[],"class_list":["post-4392","page","type-page","status-publish","hentry","description-off"],"yoast_head":"<!-- This site is optimized with the Yoast SEO plugin v25.6 - https:\/\/yoast.com\/wordpress\/plugins\/seo\/ -->\n<title>MIZUTANI SCISSORS - Awards<\/title>\n<meta name=\"robots\" content=\"index, follow, max-snippet:-1, max-image-preview:large, max-video-preview:-1\" \/>\n<link rel=\"canonical\" href=\"https:\/\/www.mizutani.de\/en\/awards\/\" \/>\n<meta property=\"og:locale\" content=\"en_US\" \/>\n<meta property=\"og:type\" content=\"article\" \/>\n<meta property=\"og:title\" content=\"MIZUTANI SCISSORS - Awards\" \/>\n<meta property=\"og:description\" content=\"[vc_row full_width=&#8221;stretch_row&#8221; bg_type=&#8221;image&#8221; parallax_style=&#8221;vcpb-default&#8221; bg_image_new=&#8221;id^1239|url^https:\/\/www.mizutani.de\/wp-content\/uploads\/2019\/07\/Tradition.jpg|caption^null|alt^null|title^Tradition|description^null&#8221; bg_image_repeat=&#8221;no-repeat&#8221; bg_img_attach=&#8221;fixed&#8221; bg_image_posiiton=&#8221;50% 50%&#8221;][vc_column][vc_row_inner equal_height=&#8221;yes&#8221;][vc_column_inner width=&#8221;1\/2&#8243;][vc_single_image image=&#8221;3241&#8243; img_size=&#8221;large&#8221; style=&#8221;vc_box_shadow_3d&#8221;][\/vc_column_inner][vc_column_inner width=&#8221;1\/2&#8243;][vc_column_text] 2014 Well-tried products with an innovative edge These scissors are made of a material consisting of particles of 30 microns in size using a special method that significantly improves the abrasion resistance of the scissor blades and corrosion resistance. Resharpening&hellip;\" \/>\n<meta property=\"og:url\" content=\"https:\/\/www.mizutani.de\/en\/awards\/\" \/>\n<meta property=\"og:site_name\" content=\"MIZUTANI SCISSORS\" \/>\n<meta property=\"article:modified_time\" content=\"2020-11-02T12:08:53+00:00\" \/>\n<meta property=\"og:image\" content=\"https:\/\/www.mizutani.de\/wp-content\/uploads\/2019\/08\/opengraph_image.jpg\" \/>\n\t<meta property=\"og:image:width\" content=\"1200\" \/>\n\t<meta property=\"og:image:height\" content=\"630\" \/>\n\t<meta property=\"og:image:type\" content=\"image\/jpeg\" \/>\n<meta name=\"twitter:card\" content=\"summary_large_image\" \/>\n<meta name=\"twitter:label1\" content=\"Est. reading time\" \/>\n\t<meta name=\"twitter:data1\" content=\"3 minutes\" \/>\n<script type=\"application\/ld+json\" class=\"yoast-schema-graph\">{\"@context\":\"https:\/\/schema.org\",\"@graph\":[{\"@type\":\"WebPage\",\"@id\":\"https:\/\/www.mizutani.de\/en\/awards\/\",\"url\":\"https:\/\/www.mizutani.de\/en\/awards\/\",\"name\":\"MIZUTANI SCISSORS - Awards\",\"isPartOf\":{\"@id\":\"https:\/\/www.mizutani.de\/en\/#website\"},\"datePublished\":\"2019-07-19T13:25:21+00:00\",\"dateModified\":\"2020-11-02T12:08:53+00:00\",\"breadcrumb\":{\"@id\":\"https:\/\/www.mizutani.de\/en\/awards\/#breadcrumb\"},\"inLanguage\":\"en-US\",\"potentialAction\":[{\"@type\":\"ReadAction\",\"target\":[\"https:\/\/www.mizutani.de\/en\/awards\/\"]}]},{\"@type\":\"BreadcrumbList\",\"@id\":\"https:\/\/www.mizutani.de\/en\/awards\/#breadcrumb\",\"itemListElement\":[{\"@type\":\"ListItem\",\"position\":1,\"name\":\"Startseite\",\"item\":\"https:\/\/www.mizutani.de\/en\/\"},{\"@type\":\"ListItem\",\"position\":2,\"name\":\"Awards\"}]},{\"@type\":\"WebSite\",\"@id\":\"https:\/\/www.mizutani.de\/en\/#website\",\"url\":\"https:\/\/www.mizutani.de\/en\/\",\"name\":\"MIZUTANI SCISSORS\",\"description\":\"Peterli &amp; Peterli GmbH\",\"publisher\":{\"@id\":\"https:\/\/www.mizutani.de\/en\/#organization\"},\"potentialAction\":[{\"@type\":\"SearchAction\",\"target\":{\"@type\":\"EntryPoint\",\"urlTemplate\":\"https:\/\/www.mizutani.de\/en\/?s={search_term_string}\"},\"query-input\":{\"@type\":\"PropertyValueSpecification\",\"valueRequired\":true,\"valueName\":\"search_term_string\"}}],\"inLanguage\":\"en-US\"},{\"@type\":\"Organization\",\"@id\":\"https:\/\/www.mizutani.de\/en\/#organization\",\"name\":\"Peterli & Peterli GmbH\",\"url\":\"https:\/\/www.mizutani.de\/en\/\",\"logo\":{\"@type\":\"ImageObject\",\"inLanguage\":\"en-US\",\"@id\":\"https:\/\/www.mizutani.de\/en\/#\/schema\/logo\/image\/\",\"url\":\"https:\/\/www.mizutani.de\/wp-content\/uploads\/2019\/07\/Logo-black-header@2x.png?_t=1741883875\",\"contentUrl\":\"https:\/\/www.mizutani.de\/wp-content\/uploads\/2019\/07\/Logo-black-header@2x.png?_t=1741883875\",\"width\":602,\"height\":162,\"caption\":\"Peterli & Peterli GmbH\"},\"image\":{\"@id\":\"https:\/\/www.mizutani.de\/en\/#\/schema\/logo\/image\/\"}}]}<\/script>\n<!-- \/ Yoast SEO plugin. -->","yoast_head_json":{"title":"MIZUTANI SCISSORS - Awards","robots":{"index":"index","follow":"follow","max-snippet":"max-snippet:-1","max-image-preview":"max-image-preview:large","max-video-preview":"max-video-preview:-1"},"canonical":"https:\/\/www.mizutani.de\/en\/awards\/","og_locale":"en_US","og_type":"article","og_title":"MIZUTANI SCISSORS - Awards","og_description":"[vc_row full_width=&#8221;stretch_row&#8221; bg_type=&#8221;image&#8221; parallax_style=&#8221;vcpb-default&#8221; bg_image_new=&#8221;id^1239|url^https:\/\/www.mizutani.de\/wp-content\/uploads\/2019\/07\/Tradition.jpg|caption^null|alt^null|title^Tradition|description^null&#8221; bg_image_repeat=&#8221;no-repeat&#8221; bg_img_attach=&#8221;fixed&#8221; bg_image_posiiton=&#8221;50% 50%&#8221;][vc_column][vc_row_inner equal_height=&#8221;yes&#8221;][vc_column_inner width=&#8221;1\/2&#8243;][vc_single_image image=&#8221;3241&#8243; img_size=&#8221;large&#8221; style=&#8221;vc_box_shadow_3d&#8221;][\/vc_column_inner][vc_column_inner width=&#8221;1\/2&#8243;][vc_column_text] 2014 Well-tried products with an innovative edge These scissors are made of a material consisting of particles of 30 microns in size using a special method that significantly improves the abrasion resistance of the scissor blades and corrosion resistance. Resharpening&hellip;","og_url":"https:\/\/www.mizutani.de\/en\/awards\/","og_site_name":"MIZUTANI SCISSORS","article_modified_time":"2020-11-02T12:08:53+00:00","og_image":[{"width":1200,"height":630,"url":"https:\/\/www.mizutani.de\/wp-content\/uploads\/2019\/08\/opengraph_image.jpg","type":"image\/jpeg"}],"twitter_card":"summary_large_image","twitter_misc":{"Est. reading time":"3 minutes"},"schema":{"@context":"https:\/\/schema.org","@graph":[{"@type":"WebPage","@id":"https:\/\/www.mizutani.de\/en\/awards\/","url":"https:\/\/www.mizutani.de\/en\/awards\/","name":"MIZUTANI SCISSORS - Awards","isPartOf":{"@id":"https:\/\/www.mizutani.de\/en\/#website"},"datePublished":"2019-07-19T13:25:21+00:00","dateModified":"2020-11-02T12:08:53+00:00","breadcrumb":{"@id":"https:\/\/www.mizutani.de\/en\/awards\/#breadcrumb"},"inLanguage":"en-US","potentialAction":[{"@type":"ReadAction","target":["https:\/\/www.mizutani.de\/en\/awards\/"]}]},{"@type":"BreadcrumbList","@id":"https:\/\/www.mizutani.de\/en\/awards\/#breadcrumb","itemListElement":[{"@type":"ListItem","position":1,"name":"Startseite","item":"https:\/\/www.mizutani.de\/en\/"},{"@type":"ListItem","position":2,"name":"Awards"}]},{"@type":"WebSite","@id":"https:\/\/www.mizutani.de\/en\/#website","url":"https:\/\/www.mizutani.de\/en\/","name":"MIZUTANI SCISSORS","description":"Peterli &amp; Peterli GmbH","publisher":{"@id":"https:\/\/www.mizutani.de\/en\/#organization"},"potentialAction":[{"@type":"SearchAction","target":{"@type":"EntryPoint","urlTemplate":"https:\/\/www.mizutani.de\/en\/?s={search_term_string}"},"query-input":{"@type":"PropertyValueSpecification","valueRequired":true,"valueName":"search_term_string"}}],"inLanguage":"en-US"},{"@type":"Organization","@id":"https:\/\/www.mizutani.de\/en\/#organization","name":"Peterli & Peterli GmbH","url":"https:\/\/www.mizutani.de\/en\/","logo":{"@type":"ImageObject","inLanguage":"en-US","@id":"https:\/\/www.mizutani.de\/en\/#\/schema\/logo\/image\/","url":"https:\/\/www.mizutani.de\/wp-content\/uploads\/2019\/07\/Logo-black-header@2x.png?_t=1741883875","contentUrl":"https:\/\/www.mizutani.de\/wp-content\/uploads\/2019\/07\/Logo-black-header@2x.png?_t=1741883875","width":602,"height":162,"caption":"Peterli & Peterli GmbH"},"image":{"@id":"https:\/\/www.mizutani.de\/en\/#\/schema\/logo\/image\/"}}]}},"publishpress_future_action":{"enabled":false,"date":"2026-05-03 12:25:59","action":"change-status","newStatus":"draft","terms":[],"taxonomy":"translation_priority"},"publishpress_future_workflow_manual_trigger":{"enabledWorkflows":[]},"_links":{"self":[{"href":"https:\/\/www.mizutani.de\/en\/wp-json\/wp\/v2\/pages\/4392"}],"collection":[{"href":"https:\/\/www.mizutani.de\/en\/wp-json\/wp\/v2\/pages"}],"about":[{"href":"https:\/\/www.mizutani.de\/en\/wp-json\/wp\/v2\/types\/page"}],"author":[{"embeddable":true,"href":"https:\/\/www.mizutani.de\/en\/wp-json\/wp\/v2\/users\/10"}],"replies":[{"embeddable":true,"href":"https:\/\/www.mizutani.de\/en\/wp-json\/wp\/v2\/comments?post=4392"}],"version-history":[{"count":0,"href":"https:\/\/www.mizutani.de\/en\/wp-json\/wp\/v2\/pages\/4392\/revisions"}],"wp:attachment":[{"href":"https:\/\/www.mizutani.de\/en\/wp-json\/wp\/v2\/media?parent=4392"}],"curies":[{"name":"wp","href":"https:\/\/api.w.org\/{rel}","templated":true}]}}