{"id":15080,"date":"2024-10-17T12:50:24","date_gmt":"2024-10-17T10:50:24","guid":{"rendered":"https:\/\/www.mizutani.de\/?post_type=product&#038;p=15080"},"modified":"2024-10-21T09:28:27","modified_gmt":"2024-10-21T07:28:27","slug":"hands-on-seminar-with-mazellaparnters","status":"publish","type":"product","link":"https:\/\/www.mizutani.de\/en\/product\/hands-on-seminar-with-mazellaparnters\/","title":{"rendered":"Hands on Seminar with Mazella&amp;Parnters"},"content":{"rendered":"<p style=\"text-align: center\"><span style=\"font-size: 12pt\"><strong>Hands on Seminar with Mazella&amp;Partners<\/strong><\/span><\/p>\n<p><img decoding=\"async\" class=\"size-large wp-image-15137 aligncenter\" src=\"https:\/\/www.mizutani.de\/wp-content\/uploads\/2024\/10\/HP-englisch-983x1024.png\" alt=\"\" width=\"983\" height=\"1024\" srcset=\"https:\/\/www.mizutani.de\/wp-content\/uploads\/2024\/10\/HP-englisch-983x1024.png 983w, https:\/\/www.mizutani.de\/wp-content\/uploads\/2024\/10\/HP-englisch-288x300.png 288w, https:\/\/www.mizutani.de\/wp-content\/uploads\/2024\/10\/HP-englisch-768x800.png 768w, https:\/\/www.mizutani.de\/wp-content\/uploads\/2024\/10\/HP-englisch-1475x1536.png 1475w, https:\/\/www.mizutani.de\/wp-content\/uploads\/2024\/10\/HP-englisch-600x625.png 600w, https:\/\/www.mizutani.de\/wp-content\/uploads\/2024\/10\/HP-englisch.png 1920w\" sizes=\"(max-width: 983px) 100vw, 983px\" \/>\u00a0<img decoding=\"async\" class=\"size-large wp-image-15129 aligncenter\" src=\"https:\/\/www.mizutani.de\/wp-content\/uploads\/2024\/10\/HP-englisch-2-983x1024.png\" alt=\"\" width=\"983\" height=\"1024\" srcset=\"https:\/\/www.mizutani.de\/wp-content\/uploads\/2024\/10\/HP-englisch-2-983x1024.png 983w, https:\/\/www.mizutani.de\/wp-content\/uploads\/2024\/10\/HP-englisch-2-288x300.png 288w, https:\/\/www.mizutani.de\/wp-content\/uploads\/2024\/10\/HP-englisch-2-768x800.png 768w, https:\/\/www.mizutani.de\/wp-content\/uploads\/2024\/10\/HP-englisch-2-1475x1536.png 1475w, https:\/\/www.mizutani.de\/wp-content\/uploads\/2024\/10\/HP-englisch-2-600x625.png 600w, https:\/\/www.mizutani.de\/wp-content\/uploads\/2024\/10\/HP-englisch-2.png 1920w\" sizes=\"(max-width: 983px) 100vw, 983px\" \/><img decoding=\"async\" class=\"size-large wp-image-15131 aligncenter\" src=\"https:\/\/www.mizutani.de\/wp-content\/uploads\/2024\/10\/HP-englisch-3-983x1024.png\" alt=\"\" width=\"983\" height=\"1024\" srcset=\"https:\/\/www.mizutani.de\/wp-content\/uploads\/2024\/10\/HP-englisch-3-983x1024.png 983w, https:\/\/www.mizutani.de\/wp-content\/uploads\/2024\/10\/HP-englisch-3-288x300.png 288w, https:\/\/www.mizutani.de\/wp-content\/uploads\/2024\/10\/HP-englisch-3-768x800.png 768w, https:\/\/www.mizutani.de\/wp-content\/uploads\/2024\/10\/HP-englisch-3-1475x1536.png 1475w, https:\/\/www.mizutani.de\/wp-content\/uploads\/2024\/10\/HP-englisch-3-600x625.png 600w, https:\/\/www.mizutani.de\/wp-content\/uploads\/2024\/10\/HP-englisch-3.png 1920w\" sizes=\"(max-width: 983px) 100vw, 983px\" \/><img decoding=\"async\" class=\"size-large wp-image-15133 aligncenter\" src=\"https:\/\/www.mizutani.de\/wp-content\/uploads\/2024\/10\/HP-englisch-4-983x1024.png\" alt=\"\" width=\"983\" height=\"1024\" srcset=\"https:\/\/www.mizutani.de\/wp-content\/uploads\/2024\/10\/HP-englisch-4-983x1024.png 983w, https:\/\/www.mizutani.de\/wp-content\/uploads\/2024\/10\/HP-englisch-4-288x300.png 288w, https:\/\/www.mizutani.de\/wp-content\/uploads\/2024\/10\/HP-englisch-4-768x800.png 768w, https:\/\/www.mizutani.de\/wp-content\/uploads\/2024\/10\/HP-englisch-4-1475x1536.png 1475w, https:\/\/www.mizutani.de\/wp-content\/uploads\/2024\/10\/HP-englisch-4-600x625.png 600w, https:\/\/www.mizutani.de\/wp-content\/uploads\/2024\/10\/HP-englisch-4.png 1920w\" sizes=\"(max-width: 983px) 100vw, 983px\" \/><img decoding=\"async\" class=\"size-large wp-image-15135 aligncenter\" src=\"https:\/\/www.mizutani.de\/wp-content\/uploads\/2024\/10\/HP-englisch-5-983x1024.png\" alt=\"\" width=\"983\" height=\"1024\" srcset=\"https:\/\/www.mizutani.de\/wp-content\/uploads\/2024\/10\/HP-englisch-5-983x1024.png 983w, https:\/\/www.mizutani.de\/wp-content\/uploads\/2024\/10\/HP-englisch-5-288x300.png 288w, https:\/\/www.mizutani.de\/wp-content\/uploads\/2024\/10\/HP-englisch-5-768x800.png 768w, https:\/\/www.mizutani.de\/wp-content\/uploads\/2024\/10\/HP-englisch-5-1475x1536.png 1475w, https:\/\/www.mizutani.de\/wp-content\/uploads\/2024\/10\/HP-englisch-5-600x625.png 600w, https:\/\/www.mizutani.de\/wp-content\/uploads\/2024\/10\/HP-englisch-5.png 1920w\" sizes=\"(max-width: 983px) 100vw, 983px\" \/> \u00a0\u00a0\u00a0<img decoding=\"async\" class=\"size-large wp-image-15125 aligncenter\" src=\"https:\/\/www.mizutani.de\/wp-content\/uploads\/2024\/10\/13-983x1024.png\" alt=\"\" width=\"983\" height=\"1024\" srcset=\"https:\/\/www.mizutani.de\/wp-content\/uploads\/2024\/10\/13-983x1024.png 983w, https:\/\/www.mizutani.de\/wp-content\/uploads\/2024\/10\/13-288x300.png 288w, https:\/\/www.mizutani.de\/wp-content\/uploads\/2024\/10\/13-768x800.png 768w, https:\/\/www.mizutani.de\/wp-content\/uploads\/2024\/10\/13-1475x1536.png 1475w, https:\/\/www.mizutani.de\/wp-content\/uploads\/2024\/10\/13-600x625.png 600w, https:\/\/www.mizutani.de\/wp-content\/uploads\/2024\/10\/13.png 1920w\" sizes=\"(max-width: 983px) 100vw, 983px\" \/><img decoding=\"async\" class=\"size-large wp-image-15127 aligncenter\" src=\"https:\/\/www.mizutani.de\/wp-content\/uploads\/2024\/10\/englisch-983x1024.png\" alt=\"\" width=\"983\" height=\"1024\" srcset=\"https:\/\/www.mizutani.de\/wp-content\/uploads\/2024\/10\/englisch-983x1024.png 983w, https:\/\/www.mizutani.de\/wp-content\/uploads\/2024\/10\/englisch-288x300.png 288w, https:\/\/www.mizutani.de\/wp-content\/uploads\/2024\/10\/englisch-768x800.png 768w, https:\/\/www.mizutani.de\/wp-content\/uploads\/2024\/10\/englisch-1475x1536.png 1475w, https:\/\/www.mizutani.de\/wp-content\/uploads\/2024\/10\/englisch-600x625.png 600w, https:\/\/www.mizutani.de\/wp-content\/uploads\/2024\/10\/englisch.png 1920w\" sizes=\"(max-width: 983px) 100vw, 983px\" \/><\/p>\n<p>&nbsp;<\/p>\n<p>Hier kommen Sie zu den <span style=\"color: #000000\"><strong><a style=\"color: #000000\" href=\"https:\/\/www.mizutani.de\/shop-mizutani-friseurscheren\/\">Mizutani Friseurscheren<\/a><\/strong><\/span><\/p>\n<p style=\"text-align: center\"><strong><span style=\"font-size: 14pt\">Join us<\/span><\/strong><a href=\"https:\/\/www.instagram.com\/mizutanieurope\/\"><img decoding=\"async\" class=\" wp-image-9915 aligncenter\" src=\"https:\/\/www.mizutani.de\/wp-content\/uploads\/2023\/05\/Design-ohne-Titel-20-e1683712630483.png\" alt=\"Instagram Mizutani Scissors Zeichen\" width=\"99\" height=\"100\" srcset=\"https:\/\/www.mizutani.de\/wp-content\/uploads\/2023\/05\/Design-ohne-Titel-20-e1683712630483.png 469w, https:\/\/www.mizutani.de\/wp-content\/uploads\/2023\/05\/Design-ohne-Titel-20-e1683712630483-296x300.png 296w, https:\/\/www.mizutani.de\/wp-content\/uploads\/2023\/05\/Design-ohne-Titel-20-e1683712630483-150x150.png 150w, https:\/\/www.mizutani.de\/wp-content\/uploads\/2023\/05\/Design-ohne-Titel-20-e1683712630483-300x300.png 300w, https:\/\/www.mizutani.de\/wp-content\/uploads\/2023\/05\/Design-ohne-Titel-20-e1683712630483-200x200.png 200w\" sizes=\"(max-width: 99px) 100vw, 99px\" \/><\/a><\/p>\n<p><!--nextpage--><\/p>\n<p style=\"text-align: center\"><span style=\"font-size: 18pt\"><strong>Hands on Seminar mit Mazelle&amp;Partners<\/strong><\/span><\/p>\n<p>&#8211;<\/p>\n<p>Hands on Schneideseminar f\u00fcr Friseure am 5. &amp; 6. Februar in Baden-Baden mit Jean Baptiste Mazella.<\/p>\n<p class=\"cvGsUA direction-ltr align-center para-style-subtitle\"><span class=\"OYPEnA font-feature-liga-off font-feature-clig-off font-feature-calt-off text-decoration-none text-strikethrough-none\">Tauche ein in die Welt von Linien, Graduierungen und Stufen \u2013 das Fundament von Mazella&amp;Partners, mit dem du unz\u00e4hlige kreative Looks kreieren kannst.<\/span><\/p>\n<p class=\"cvGsUA direction-ltr align-center para-style-subtitle\"><span class=\"OYPEnA font-feature-liga-off font-feature-clig-off font-feature-calt-off text-decoration-none text-strikethrough-none\">Wir freuen uns riesig, dir ein exklusives &#8220;Hands-on&#8221;-Seminar mit JB Mazella in Baden-Baden anbieten zu k\u00f6nnen.<\/span><\/p>\n<p class=\"cvGsUA direction-ltr align-center para-style-subtitle\"><span class=\"OYPEnA font-feature-liga-off font-feature-clig-off font-feature-calt-off text-decoration-none text-strikethrough-none\">JB Mazella wird dich durch detaillierte Demonstrationen und praktische \u00dcbungen f\u00fchren, um deine handwerklichen F\u00e4higkeiten auf das n\u00e4chste Level zu bringen.<\/span><\/p>\n<p class=\"cvGsUA direction-ltr align-center para-style-subtitle\"><span class=\"OYPEnA font-feature-liga-off font-feature-clig-off font-feature-calt-off text-decoration-none text-strikethrough-none\">Das Seminar ist in vier flexible Slots aufgeteilt \u2013 du kannst diese entweder einzeln oder kombiniert buchen, je nachdem, welche Styles dich am meisten interessieren.<\/span><\/p>\n<p><strong>Slot 1 | 5. Februar von 08:30-12:00 Uhr <\/strong><span style=\"color: #ff6600\"><strong><span class=\"OYPEnA font-feature-liga-off font-feature-clig-off font-feature-calt-off text-decoration-none text-strikethrough-none\">Asymmetric Long Hair<\/span><span class=\"OYPEnA font-feature-liga-off font-feature-clig-off font-feature-calt-off text-decoration-none text-strikethrough-none\"><br \/>\n<\/span><\/strong><\/span><strong>Slot 2 | 5. Februar von 13:30-17:00 Uhr <span style=\"color: #ff6600\"><span class=\"OYPEnA font-feature-liga-off font-feature-clig-off font-feature-calt-off text-decoration-none text-strikethrough-none\">Classic Bob<\/span><\/span><\/strong><\/p>\n<p><strong>Slot 3 | 6. Februar von 08:00-11:30 Uhr <span style=\"color: #ff6600\"><span class=\"OYPEnA font-feature-liga-off font-feature-clig-off font-feature-calt-off text-decoration-none text-strikethrough-none\">Modern Asymmetric Bob<\/span><span class=\"OYPEnA font-feature-liga-off font-feature-clig-off font-feature-calt-off text-decoration-none text-strikethrough-none\"><br \/>\n<\/span><\/span>Slot 4 | 6. Februar von 12:30-16:00 Uhr <span style=\"color: #ff6600\"><span class=\"OYPEnA font-feature-liga-off font-feature-clig-off font-feature-calt-off text-decoration-none text-strikethrough-none\">Short Hair \/ Unisex<\/span><\/span><\/strong><\/p>\n<p>&#8211;<\/p>\n<p>&nbsp;<\/p>\n<p>Jean Baptiste-Mazella Mazella&amp;Partners Education Seminar mit Mazella&amp;Partners Friseur Seminare Haarschneide-Seminar, Japanische Friseurschere Haarschere Haarschneideschere Barber Japan Profi Friseurscheren Haarschneidescheren Modellierscheren Effilierschere Schere kaufen beste Friseurschere Zoll Test linksh\u00e4nder lefty professionell Marke Preis Qualit\u00e4t<\/p>\n","protected":false},"excerpt":{"rendered":"<p>Get one of the <strong>limited 6 tickets <\/strong>(per slot) for the Hands on Seminar in Baden-Baden<br \/>\nwith Jean-Baptiste Mazella from Mazella &amp; Partners, on February 05 &amp; 6, 2025 \u2013\u00a0<strong><span style=\"color: #ff6600\">SAVE THE DATE<\/span><\/strong>!<\/p>\n<p>The seminar is divided into\u00a0<strong>four flexible slots<\/strong>.You can book\u00a0the <strong>slots individually<\/strong>\u00a0or as a\u00a0<strong>one-day or two-day seminar<\/strong>, depending on which of the styles you are interested in.<\/p>\n<p>If you book a whole day, you will receive a\u00a0<strong>10% discount<\/strong>!<\/p>\n<p>Slot 1 | <strong>February 5 from 08:30-12:00<\/strong><strong>\u00a0<span style=\"color: #ff6600\">Asymmetric Long Hair<\/span><\/strong><br \/>\nSlot 2 | <strong>February 5 from 13:30-17:00<\/strong>\u00a0<span style=\"color: #ff6600\"><strong>Classic Bob<\/strong><\/span><br \/>\nSlot 3 | <strong>February 6 from 08:00-11:30<\/strong>\u00a0<span style=\"color: #ff6600\"><strong>Modern Asymmetric Bob<\/strong><\/span><br \/>\nSlot 4 | <strong>February 6 from 12:30-16:00<\/strong>\u00a0<span style=\"color: #ff6600\"><strong>Short Hair \/ Unisex<br \/>\n<\/strong><\/span><br \/>\n<strong>The course covers:<\/strong> Conception, cutting techniques and styling of the respective looks<\/p>\n","protected":false},"featured_media":15157,"template":"","meta":[],"product_brand":[],"product_cat":[121],"product_tag":[403,404],"woo-feed-brand":[],"class_list":{"0":"post-15080","1":"product","2":"type-product","3":"status-publish","4":"has-post-thumbnail","6":"product_cat-seminars","7":"product_tag-education-en","8":"product_tag-seminar-en","9":"description-off","11":"first","12":"outofstock","13":"taxable","14":"shipping-taxable","15":"product-type-variable"},"yoast_head":"<!-- This site is optimized with the Yoast SEO plugin v25.6 - https:\/\/yoast.com\/wordpress\/plugins\/seo\/ -->\n<title>Hands on Seminar with Mazella&amp;Parnters - MIZUTANI SCISSORS<\/title>\n<meta name=\"description\" content=\"Visit the hands on cutting seminar by Mizutani Scissors with Jean-Baptiste Mazella from Mazella &amp; Partners in Baden-Baden on February 5 &amp; 6, 2025.\" \/>\n<meta name=\"robots\" content=\"index, follow, max-snippet:-1, max-image-preview:large, max-video-preview:-1\" \/>\n<link rel=\"canonical\" href=\"https:\/\/www.mizutani.de\/en\/product\/hands-on-seminar-with-mazellaparnters\/\" \/>\n<link rel=\"next\" href=\"https:\/\/www.mizutani.de\/en\/product\/hands-on-seminar-with-mazellaparnters\/2\/\" \/>\n<meta property=\"og:locale\" content=\"en_US\" \/>\n<meta property=\"og:type\" content=\"article\" \/>\n<meta property=\"og:title\" content=\"Hands on Seminar with Mazella&amp;Parnters - MIZUTANI SCISSORS\" \/>\n<meta property=\"og:description\" content=\"Visit the hands on cutting seminar by Mizutani Scissors with Jean-Baptiste Mazella from Mazella &amp; Partners in Baden-Baden on February 5 &amp; 6, 2025.\" \/>\n<meta property=\"og:url\" content=\"https:\/\/www.mizutani.de\/en\/product\/hands-on-seminar-with-mazellaparnters\/\" \/>\n<meta property=\"og:site_name\" content=\"MIZUTANI SCISSORS\" \/>\n<meta property=\"article:modified_time\" content=\"2024-10-21T07:28:27+00:00\" \/>\n<meta property=\"og:image\" content=\"https:\/\/www.mizutani.de\/wp-content\/uploads\/2024\/10\/Mazella-2025-englisch-7-1024x1024.png\" \/>\n\t<meta property=\"og:image:width\" content=\"1024\" \/>\n\t<meta property=\"og:image:height\" content=\"1024\" \/>\n\t<meta property=\"og:image:type\" content=\"image\/png\" \/>\n<meta name=\"twitter:card\" content=\"summary_large_image\" \/>\n<meta name=\"twitter:label1\" content=\"Est. reading time\" \/>\n\t<meta name=\"twitter:data1\" content=\"3 minutes\" \/>\n<script type=\"application\/ld+json\" class=\"yoast-schema-graph\">{\"@context\":\"https:\/\/schema.org\",\"@graph\":[{\"@type\":\"WebPage\",\"@id\":\"https:\/\/www.mizutani.de\/en\/product\/hands-on-seminar-with-mazellaparnters\/\",\"url\":\"https:\/\/www.mizutani.de\/en\/product\/hands-on-seminar-with-mazellaparnters\/\",\"name\":\"Hands on Seminar with Mazella&amp;Parnters - MIZUTANI SCISSORS\",\"isPartOf\":{\"@id\":\"https:\/\/www.mizutani.de\/en\/#website\"},\"primaryImageOfPage\":{\"@id\":\"https:\/\/www.mizutani.de\/en\/product\/hands-on-seminar-with-mazellaparnters\/#primaryimage\"},\"image\":{\"@id\":\"https:\/\/www.mizutani.de\/en\/product\/hands-on-seminar-with-mazellaparnters\/#primaryimage\"},\"thumbnailUrl\":\"https:\/\/www.mizutani.de\/wp-content\/uploads\/2024\/10\/Mazella-2025-englisch-7.png\",\"datePublished\":\"2024-10-17T10:50:24+00:00\",\"dateModified\":\"2024-10-21T07:28:27+00:00\",\"description\":\"Visit the hands on cutting seminar by Mizutani Scissors with Jean-Baptiste Mazella from Mazella & Partners in Baden-Baden on February 5 & 6, 2025.\",\"breadcrumb\":{\"@id\":\"https:\/\/www.mizutani.de\/en\/product\/hands-on-seminar-with-mazellaparnters\/#breadcrumb\"},\"inLanguage\":\"en-US\",\"potentialAction\":[{\"@type\":\"ReadAction\",\"target\":[\"https:\/\/www.mizutani.de\/en\/product\/hands-on-seminar-with-mazellaparnters\/\"]}]},{\"@type\":\"ImageObject\",\"inLanguage\":\"en-US\",\"@id\":\"https:\/\/www.mizutani.de\/en\/product\/hands-on-seminar-with-mazellaparnters\/#primaryimage\",\"url\":\"https:\/\/www.mizutani.de\/wp-content\/uploads\/2024\/10\/Mazella-2025-englisch-7.png\",\"contentUrl\":\"https:\/\/www.mizutani.de\/wp-content\/uploads\/2024\/10\/Mazella-2025-englisch-7.png\",\"width\":3375,\"height\":3375},{\"@type\":\"BreadcrumbList\",\"@id\":\"https:\/\/www.mizutani.de\/en\/product\/hands-on-seminar-with-mazellaparnters\/#breadcrumb\",\"itemListElement\":[{\"@type\":\"ListItem\",\"position\":1,\"name\":\"Startseite\",\"item\":\"https:\/\/www.mizutani.de\/en\/\"},{\"@type\":\"ListItem\",\"position\":2,\"name\":\"Shop\"}]},{\"@type\":\"WebSite\",\"@id\":\"https:\/\/www.mizutani.de\/en\/#website\",\"url\":\"https:\/\/www.mizutani.de\/en\/\",\"name\":\"MIZUTANI SCISSORS\",\"description\":\"Peterli &amp; Peterli GmbH\",\"publisher\":{\"@id\":\"https:\/\/www.mizutani.de\/en\/#organization\"},\"potentialAction\":[{\"@type\":\"SearchAction\",\"target\":{\"@type\":\"EntryPoint\",\"urlTemplate\":\"https:\/\/www.mizutani.de\/en\/?s={search_term_string}\"},\"query-input\":{\"@type\":\"PropertyValueSpecification\",\"valueRequired\":true,\"valueName\":\"search_term_string\"}}],\"inLanguage\":\"en-US\"},{\"@type\":\"Organization\",\"@id\":\"https:\/\/www.mizutani.de\/en\/#organization\",\"name\":\"Peterli & Peterli GmbH\",\"url\":\"https:\/\/www.mizutani.de\/en\/\",\"logo\":{\"@type\":\"ImageObject\",\"inLanguage\":\"en-US\",\"@id\":\"https:\/\/www.mizutani.de\/en\/#\/schema\/logo\/image\/\",\"url\":\"https:\/\/www.mizutani.de\/wp-content\/uploads\/2019\/07\/Logo-black-header@2x.png?_t=1741883875\",\"contentUrl\":\"https:\/\/www.mizutani.de\/wp-content\/uploads\/2019\/07\/Logo-black-header@2x.png?_t=1741883875\",\"width\":602,\"height\":162,\"caption\":\"Peterli & Peterli GmbH\"},\"image\":{\"@id\":\"https:\/\/www.mizutani.de\/en\/#\/schema\/logo\/image\/\"}}]}<\/script>\n<!-- \/ Yoast SEO plugin. -->","yoast_head_json":{"title":"Hands on Seminar with Mazella&amp;Parnters - MIZUTANI SCISSORS","description":"Visit the hands on cutting seminar by Mizutani Scissors with Jean-Baptiste Mazella from Mazella & Partners in Baden-Baden on February 5 & 6, 2025.","robots":{"index":"index","follow":"follow","max-snippet":"max-snippet:-1","max-image-preview":"max-image-preview:large","max-video-preview":"max-video-preview:-1"},"canonical":"https:\/\/www.mizutani.de\/en\/product\/hands-on-seminar-with-mazellaparnters\/","next":"https:\/\/www.mizutani.de\/en\/product\/hands-on-seminar-with-mazellaparnters\/2\/","og_locale":"en_US","og_type":"article","og_title":"Hands on Seminar with Mazella&amp;Parnters - MIZUTANI SCISSORS","og_description":"Visit the hands on cutting seminar by Mizutani Scissors with Jean-Baptiste Mazella from Mazella & Partners in Baden-Baden on February 5 & 6, 2025.","og_url":"https:\/\/www.mizutani.de\/en\/product\/hands-on-seminar-with-mazellaparnters\/","og_site_name":"MIZUTANI SCISSORS","article_modified_time":"2024-10-21T07:28:27+00:00","og_image":[{"width":1024,"height":1024,"url":"https:\/\/www.mizutani.de\/wp-content\/uploads\/2024\/10\/Mazella-2025-englisch-7-1024x1024.png","type":"image\/png"}],"twitter_card":"summary_large_image","twitter_misc":{"Est. reading time":"3 minutes"},"schema":{"@context":"https:\/\/schema.org","@graph":[{"@type":"WebPage","@id":"https:\/\/www.mizutani.de\/en\/product\/hands-on-seminar-with-mazellaparnters\/","url":"https:\/\/www.mizutani.de\/en\/product\/hands-on-seminar-with-mazellaparnters\/","name":"Hands on Seminar with Mazella&amp;Parnters - MIZUTANI SCISSORS","isPartOf":{"@id":"https:\/\/www.mizutani.de\/en\/#website"},"primaryImageOfPage":{"@id":"https:\/\/www.mizutani.de\/en\/product\/hands-on-seminar-with-mazellaparnters\/#primaryimage"},"image":{"@id":"https:\/\/www.mizutani.de\/en\/product\/hands-on-seminar-with-mazellaparnters\/#primaryimage"},"thumbnailUrl":"https:\/\/www.mizutani.de\/wp-content\/uploads\/2024\/10\/Mazella-2025-englisch-7.png","datePublished":"2024-10-17T10:50:24+00:00","dateModified":"2024-10-21T07:28:27+00:00","description":"Visit the hands on cutting seminar by Mizutani Scissors with Jean-Baptiste Mazella from Mazella & Partners in Baden-Baden on February 5 & 6, 2025.","breadcrumb":{"@id":"https:\/\/www.mizutani.de\/en\/product\/hands-on-seminar-with-mazellaparnters\/#breadcrumb"},"inLanguage":"en-US","potentialAction":[{"@type":"ReadAction","target":["https:\/\/www.mizutani.de\/en\/product\/hands-on-seminar-with-mazellaparnters\/"]}]},{"@type":"ImageObject","inLanguage":"en-US","@id":"https:\/\/www.mizutani.de\/en\/product\/hands-on-seminar-with-mazellaparnters\/#primaryimage","url":"https:\/\/www.mizutani.de\/wp-content\/uploads\/2024\/10\/Mazella-2025-englisch-7.png","contentUrl":"https:\/\/www.mizutani.de\/wp-content\/uploads\/2024\/10\/Mazella-2025-englisch-7.png","width":3375,"height":3375},{"@type":"BreadcrumbList","@id":"https:\/\/www.mizutani.de\/en\/product\/hands-on-seminar-with-mazellaparnters\/#breadcrumb","itemListElement":[{"@type":"ListItem","position":1,"name":"Startseite","item":"https:\/\/www.mizutani.de\/en\/"},{"@type":"ListItem","position":2,"name":"Shop"}]},{"@type":"WebSite","@id":"https:\/\/www.mizutani.de\/en\/#website","url":"https:\/\/www.mizutani.de\/en\/","name":"MIZUTANI SCISSORS","description":"Peterli &amp; Peterli GmbH","publisher":{"@id":"https:\/\/www.mizutani.de\/en\/#organization"},"potentialAction":[{"@type":"SearchAction","target":{"@type":"EntryPoint","urlTemplate":"https:\/\/www.mizutani.de\/en\/?s={search_term_string}"},"query-input":{"@type":"PropertyValueSpecification","valueRequired":true,"valueName":"search_term_string"}}],"inLanguage":"en-US"},{"@type":"Organization","@id":"https:\/\/www.mizutani.de\/en\/#organization","name":"Peterli & Peterli GmbH","url":"https:\/\/www.mizutani.de\/en\/","logo":{"@type":"ImageObject","inLanguage":"en-US","@id":"https:\/\/www.mizutani.de\/en\/#\/schema\/logo\/image\/","url":"https:\/\/www.mizutani.de\/wp-content\/uploads\/2019\/07\/Logo-black-header@2x.png?_t=1741883875","contentUrl":"https:\/\/www.mizutani.de\/wp-content\/uploads\/2019\/07\/Logo-black-header@2x.png?_t=1741883875","width":602,"height":162,"caption":"Peterli & Peterli GmbH"},"image":{"@id":"https:\/\/www.mizutani.de\/en\/#\/schema\/logo\/image\/"}}]}},"publishpress_future_workflow_manual_trigger":{"enabledWorkflows":[]},"_links":{"self":[{"href":"https:\/\/www.mizutani.de\/en\/wp-json\/wp\/v2\/product\/15080"}],"collection":[{"href":"https:\/\/www.mizutani.de\/en\/wp-json\/wp\/v2\/product"}],"about":[{"href":"https:\/\/www.mizutani.de\/en\/wp-json\/wp\/v2\/types\/product"}],"wp:featuredmedia":[{"embeddable":true,"href":"https:\/\/www.mizutani.de\/en\/wp-json\/wp\/v2\/media\/15157"}],"wp:attachment":[{"href":"https:\/\/www.mizutani.de\/en\/wp-json\/wp\/v2\/media?parent=15080"}],"wp:term":[{"taxonomy":"product_brand","embeddable":true,"href":"https:\/\/www.mizutani.de\/en\/wp-json\/wp\/v2\/product_brand?post=15080"},{"taxonomy":"product_cat","embeddable":true,"href":"https:\/\/www.mizutani.de\/en\/wp-json\/wp\/v2\/product_cat?post=15080"},{"taxonomy":"product_tag","embeddable":true,"href":"https:\/\/www.mizutani.de\/en\/wp-json\/wp\/v2\/product_tag?post=15080"},{"taxonomy":"woo-feed-brand","embeddable":true,"href":"https:\/\/www.mizutani.de\/en\/wp-json\/wp\/v2\/woo-feed-brand?post=15080"}],"curies":[{"name":"wp","href":"https:\/\/api.w.org\/{rel}","templated":true}]}}